{"id":4684,"date":"2022-11-02T08:06:24","date_gmt":"2022-11-02T08:06:24","guid":{"rendered":"https:\/\/trend-tech.at\/appointments\/"},"modified":"2025-12-11T17:14:41","modified_gmt":"2025-12-11T17:14:41","slug":"events","status":"publish","type":"page","link":"https:\/\/trend-tech.at\/en\/events\/","title":{"rendered":"Events"},"content":{"rendered":"\t\t<div data-elementor-type=\"wp-page\" data-elementor-id=\"4684\" class=\"elementor elementor-4684 elementor-4654\" data-elementor-settings=\"{&quot;ha_cmc_init_switcher&quot;:&quot;no&quot;}\" data-elementor-post-type=\"page\">\n\t\t\t\t\t\t<section class=\"elementor-section elementor-top-section elementor-element elementor-element-f3c0b31 elementor-section-boxed elementor-section-height-default elementor-section-height-default\" data-id=\"f3c0b31\" data-element_type=\"section\" data-e-type=\"section\" data-settings=\"{&quot;background_background&quot;:&quot;classic&quot;,&quot;_ha_eqh_enable&quot;:false}\">\n\t\t\t\t\t\t\t<div class=\"elementor-background-overlay\"><\/div>\n\t\t\t\t\t\t\t<div class=\"elementor-container elementor-column-gap-default\">\n\t\t\t\t\t<div class=\"elementor-column elementor-col-100 elementor-top-column elementor-element elementor-element-15ef364\" data-id=\"15ef364\" data-element_type=\"column\" data-e-type=\"column\">\n\t\t\t<div class=\"elementor-widget-wrap elementor-element-populated\">\n\t\t\t\t\t\t<div class=\"elementor-element elementor-element-da4e127 elementor-widget elementor-widget-heading\" data-id=\"da4e127\" data-element_type=\"widget\" data-e-type=\"widget\" data-widget_type=\"heading.default\">\n\t\t\t\t<div class=\"elementor-widget-container\">\n\t\t\t\t\t<h1 class=\"elementor-heading-title elementor-size-default\">Events<\/h1>\t\t\t\t<\/div>\n\t\t\t\t<\/div>\n\t\t\t\t<div class=\"elementor-element elementor-element-ca8c0eb elementor-widget elementor-widget-heading\" data-id=\"ca8c0eb\" data-element_type=\"widget\" data-e-type=\"widget\" data-widget_type=\"heading.default\">\n\t\t\t\t<div class=\"elementor-widget-container\">\n\t\t\t\t\t<h3 class=\"elementor-heading-title elementor-size-default\">Fairs<\/h3>\t\t\t\t<\/div>\n\t\t\t\t<\/div>\n\t\t\t\t\t<\/div>\n\t\t<\/div>\n\t\t\t\t\t<\/div>\n\t\t<\/section>\n\t\t\t\t<section class=\"elementor-section elementor-top-section elementor-element elementor-element-f05e5b6 flexible-column-wrap elementor-section-boxed elementor-section-height-default elementor-section-height-default\" data-id=\"f05e5b6\" data-element_type=\"section\" data-e-type=\"section\" data-settings=\"{&quot;background_background&quot;:&quot;classic&quot;,&quot;_ha_eqh_enable&quot;:false}\">\n\t\t\t\t\t\t<div class=\"elementor-container elementor-column-gap-default\">\n\t\t\t\t\t<div class=\"elementor-column elementor-col-16 elementor-top-column elementor-element elementor-element-45b4137 elementor-invisible\" data-id=\"45b4137\" data-element_type=\"column\" data-e-type=\"column\" data-settings=\"{&quot;background_background&quot;:&quot;gradient&quot;,&quot;animation&quot;:&quot;fadeIn&quot;,&quot;animation_delay&quot;:150}\">\n\t\t\t<div class=\"elementor-widget-wrap elementor-element-populated\">\n\t\t\t\t\t\t<div class=\"elementor-element elementor-element-50ac439 elementor-widget elementor-widget-heading\" data-id=\"50ac439\" data-element_type=\"widget\" data-e-type=\"widget\" data-widget_type=\"heading.default\">\n\t\t\t\t<div class=\"elementor-widget-container\">\n\t\t\t\t\t<h3 class=\"elementor-heading-title elementor-size-default\">Intertraffic Amsterdam<\/h3>\t\t\t\t<\/div>\n\t\t\t\t<\/div>\n\t\t\t\t<div class=\"elementor-element elementor-element-806a24f elementor-widget elementor-widget-heading\" data-id=\"806a24f\" data-element_type=\"widget\" data-e-type=\"widget\" data-widget_type=\"heading.default\">\n\t\t\t\t<div class=\"elementor-widget-container\">\n\t\t\t\t\t<p class=\"elementor-heading-title elementor-size-default\">Meeting time and location:<br>10 - 13 March 2026<br>Europaplein 24, 1078 GZ Amsterdam<\/p>\t\t\t\t<\/div>\n\t\t\t\t<\/div>\n\t\t\t\t<div class=\"elementor-element elementor-element-ef3ce0a elementor-widget elementor-widget-heading\" data-id=\"ef3ce0a\" data-element_type=\"widget\" data-e-type=\"widget\" data-widget_type=\"heading.default\">\n\t\t\t\t<div class=\"elementor-widget-container\">\n\t\t\t\t\t<p class=\"elementor-heading-title elementor-size-default\"><a href=\"https:\/\/www.intertraffic.com\/amsterdam\" target=\"_blank\">More \u00bb<\/a><\/p>\t\t\t\t<\/div>\n\t\t\t\t<\/div>\n\t\t\t\t\t<\/div>\n\t\t<\/div>\n\t\t\t\t<div class=\"elementor-column elementor-col-16 elementor-top-column elementor-element elementor-element-0231892 elementor-invisible\" data-id=\"0231892\" data-element_type=\"column\" data-e-type=\"column\" data-settings=\"{&quot;background_background&quot;:&quot;gradient&quot;,&quot;animation&quot;:&quot;fadeIn&quot;,&quot;animation_delay&quot;:150}\">\n\t\t\t<div class=\"elementor-widget-wrap elementor-element-populated\">\n\t\t\t\t\t\t<div class=\"elementor-element elementor-element-1bddffa elementor-widget elementor-widget-heading\" data-id=\"1bddffa\" data-element_type=\"widget\" data-e-type=\"widget\" data-widget_type=\"heading.default\">\n\t\t\t\t<div class=\"elementor-widget-container\">\n\t\t\t\t\t<h3 class=\"elementor-heading-title elementor-size-default\">HOFMANN Expo<\/h3>\t\t\t\t<\/div>\n\t\t\t\t<\/div>\n\t\t\t\t<div class=\"elementor-element elementor-element-da0ceac elementor-widget elementor-widget-heading\" data-id=\"da0ceac\" data-element_type=\"widget\" data-e-type=\"widget\" data-widget_type=\"heading.default\">\n\t\t\t\t<div class=\"elementor-widget-container\">\n\t\t\t\t\t<p class=\"elementor-heading-title elementor-size-default\">Meeting time and location:<br>26 November 2026<br>Industriestra\u00dfe 22, 25462 Rellingen - Germany<\/p>\t\t\t\t<\/div>\n\t\t\t\t<\/div>\n\t\t\t\t<div class=\"elementor-element elementor-element-ba9be85 elementor-widget elementor-widget-heading\" data-id=\"ba9be85\" data-element_type=\"widget\" data-e-type=\"widget\" data-widget_type=\"heading.default\">\n\t\t\t\t<div class=\"elementor-widget-container\">\n\t\t\t\t\t<p class=\"elementor-heading-title elementor-size-default\"><a href=\"https:\/\/www.hofmannmarking.de\/news-events\/hofmann-expo-2026\" target=\"_blank\">More \u00bb<\/a><\/p>\t\t\t\t<\/div>\n\t\t\t\t<\/div>\n\t\t\t\t\t<\/div>\n\t\t<\/div>\n\t\t\t\t<div class=\"elementor-column elementor-col-16 elementor-top-column elementor-element elementor-element-dd80aba elementor-invisible\" data-id=\"dd80aba\" data-element_type=\"column\" data-e-type=\"column\" data-settings=\"{&quot;background_background&quot;:&quot;gradient&quot;,&quot;animation&quot;:&quot;fadeIn&quot;,&quot;animation_delay&quot;:150}\">\n\t\t\t<div class=\"elementor-widget-wrap elementor-element-populated\">\n\t\t\t\t\t\t<div class=\"elementor-element elementor-element-5a44004 elementor-widget elementor-widget-heading\" data-id=\"5a44004\" data-element_type=\"widget\" data-e-type=\"widget\" data-widget_type=\"heading.default\">\n\t\t\t\t<div class=\"elementor-widget-container\">\n\t\t\t\t\t<h3 class=\"elementor-heading-title elementor-size-default\">Deutscher Stra\u00dfen-ausstattertag<\/h3>\t\t\t\t<\/div>\n\t\t\t\t<\/div>\n\t\t\t\t<div class=\"elementor-element elementor-element-f704c4e elementor-widget elementor-widget-heading\" data-id=\"f704c4e\" data-element_type=\"widget\" data-e-type=\"widget\" data-widget_type=\"heading.default\">\n\t\t\t\t<div class=\"elementor-widget-container\">\n\t\t\t\t\t<p class=\"elementor-heading-title elementor-size-default\">Meeting time and location:<br>February 2027<br>Congress-Centrum der K\u00f6lnmesse<br>Deutz-M\u00fclheimer Str. 51, 50679 K\u00f6ln, Germany<\/p>\t\t\t\t<\/div>\n\t\t\t\t<\/div>\n\t\t\t\t<div class=\"elementor-element elementor-element-ee450c8 elementor-widget elementor-widget-heading\" data-id=\"ee450c8\" data-element_type=\"widget\" data-e-type=\"widget\" data-widget_type=\"heading.default\">\n\t\t\t\t<div class=\"elementor-widget-container\">\n\t\t\t\t\t<p class=\"elementor-heading-title elementor-size-default\"><a href=\"https:\/\/www.deusat.de\/start\/\" target=\"_blank\">More \u00bb<\/a><\/p>\t\t\t\t<\/div>\n\t\t\t\t<\/div>\n\t\t\t\t\t<\/div>\n\t\t<\/div>\n\t\t\t\t<div class=\"elementor-column elementor-col-16 elementor-top-column elementor-element elementor-element-d295546 elementor-invisible\" data-id=\"d295546\" data-element_type=\"column\" data-e-type=\"column\" data-settings=\"{&quot;background_background&quot;:&quot;gradient&quot;,&quot;animation&quot;:&quot;fadeIn&quot;,&quot;animation_delay&quot;:150}\">\n\t\t\t<div class=\"elementor-widget-wrap elementor-element-populated\">\n\t\t\t\t\t\t<div class=\"elementor-element elementor-element-cd14fde elementor-widget elementor-widget-heading\" data-id=\"cd14fde\" data-element_type=\"widget\" data-e-type=\"widget\" data-widget_type=\"heading.default\">\n\t\t\t\t<div class=\"elementor-widget-container\">\n\t\t\t\t\t<h3 class=\"elementor-heading-title elementor-size-default\">European Coatings Show<\/h3>\t\t\t\t<\/div>\n\t\t\t\t<\/div>\n\t\t\t\t<div class=\"elementor-element elementor-element-12badc1 elementor-widget elementor-widget-heading\" data-id=\"12badc1\" data-element_type=\"widget\" data-e-type=\"widget\" data-widget_type=\"heading.default\">\n\t\t\t\t<div class=\"elementor-widget-container\">\n\t\t\t\t\t<p class=\"elementor-heading-title elementor-size-default\">Meeting time and location:<br>20 - 22 April 2027<br>Exhibition Center<br>Karl-Sch\u00f6nleben-Stra\u00dfe, 90471 N\u00fcrnberg<\/p>\t\t\t\t<\/div>\n\t\t\t\t<\/div>\n\t\t\t\t<div class=\"elementor-element elementor-element-5330cf1 elementor-widget elementor-widget-heading\" data-id=\"5330cf1\" data-element_type=\"widget\" data-e-type=\"widget\" data-widget_type=\"heading.default\">\n\t\t\t\t<div class=\"elementor-widget-container\">\n\t\t\t\t\t<p class=\"elementor-heading-title elementor-size-default\"><a href=\"https:\/\/www.european-coatings-show.com\/\" target=\"_blank\">More \u00bb<\/a><\/p>\t\t\t\t<\/div>\n\t\t\t\t<\/div>\n\t\t\t\t\t<\/div>\n\t\t<\/div>\n\t\t\t\t<div class=\"elementor-column elementor-col-16 elementor-top-column elementor-element elementor-element-2ee80b3 elementor-invisible\" data-id=\"2ee80b3\" data-element_type=\"column\" data-e-type=\"column\" data-settings=\"{&quot;background_background&quot;:&quot;gradient&quot;,&quot;animation&quot;:&quot;fadeIn&quot;,&quot;animation_delay&quot;:150}\">\n\t\t\t<div class=\"elementor-widget-wrap elementor-element-populated\">\n\t\t\t\t\t\t<div class=\"elementor-element elementor-element-4a4819a elementor-widget elementor-widget-heading\" data-id=\"4a4819a\" data-element_type=\"widget\" data-e-type=\"widget\" data-widget_type=\"heading.default\">\n\t\t\t\t<div class=\"elementor-widget-container\">\n\t\t\t\t\t<h3 class=\"elementor-heading-title elementor-size-default\">Astrad Wels<\/h3>\t\t\t\t<\/div>\n\t\t\t\t<\/div>\n\t\t\t\t<div class=\"elementor-element elementor-element-8641a48 elementor-widget elementor-widget-heading\" data-id=\"8641a48\" data-element_type=\"widget\" data-e-type=\"widget\" data-widget_type=\"heading.default\">\n\t\t\t\t<div class=\"elementor-widget-container\">\n\t\t\t\t\t<p class=\"elementor-heading-title elementor-size-default\">Meeting time and location:<br>May 2027<br>Wels Exhibition Centre<br>Messeplatz 1, 4600 Wels, Austria<\/p>\t\t\t\t<\/div>\n\t\t\t\t<\/div>\n\t\t\t\t<div class=\"elementor-element elementor-element-717ae57 elementor-widget elementor-widget-heading\" data-id=\"717ae57\" data-element_type=\"widget\" data-e-type=\"widget\" data-widget_type=\"heading.default\">\n\t\t\t\t<div class=\"elementor-widget-container\">\n\t\t\t\t\t<p class=\"elementor-heading-title elementor-size-default\"><a href=\"https:\/\/astrad-austrokommunal.at\/\" target=\"_blank\">More \u00bb<\/a><\/p>\t\t\t\t<\/div>\n\t\t\t\t<\/div>\n\t\t\t\t\t<\/div>\n\t\t<\/div>\n\t\t\t\t<div class=\"elementor-column elementor-col-16 elementor-top-column elementor-element elementor-element-e1d1a3b elementor-invisible\" data-id=\"e1d1a3b\" data-element_type=\"column\" data-e-type=\"column\" data-settings=\"{&quot;background_background&quot;:&quot;classic&quot;,&quot;animation&quot;:&quot;fadeIn&quot;,&quot;animation_delay&quot;:150}\">\n\t\t\t<div class=\"elementor-widget-wrap\">\n\t\t\t\t\t\t\t<\/div>\n\t\t<\/div>\n\t\t\t\t\t<\/div>\n\t\t<\/section>\n\t\t\t\t<\/div>\n\t\t","protected":false},"excerpt":{"rendered":"<p>Events Fairs Intertraffic Amsterdam Meeting time and location:10 &#8211; 13 March 2026Europaplein 24, 1078 GZ Amsterdam More \u00bb HOFMANN Expo Meeting time and location:26 November 2026Industriestra\u00dfe 22, 25462 Rellingen &#8211; Germany More \u00bb Deutscher Stra\u00dfen-ausstattertag Meeting time and location:February 2027Congress-Centrum &hellip; <a href=\"https:\/\/trend-tech.at\/en\/events\/\">Read More<\/a><\/p>\n","protected":false},"author":1,"featured_media":0,"parent":0,"menu_order":0,"comment_status":"closed","ping_status":"closed","template":"elementor_theme","meta":{"_acf_changed":false,"footnotes":""},"class_list":["post-4684","page","type-page","status-publish","hentry"],"acf":[],"yoast_head":"<!-- This site is optimized with the Yoast SEO plugin v27.4 - https:\/\/yoast.com\/product\/yoast-seo-wordpress\/ -->\n<title>Events | trend-tech synergie gmbh<\/title>\n<meta name=\"description\" content=\"Your partner for precise measuring instruments and test equipment. Here you will find all events when we are personally on site for you.\" \/>\n<meta name=\"robots\" content=\"index, follow, max-snippet:-1, max-image-preview:large, max-video-preview:-1\" \/>\n<link rel=\"canonical\" href=\"https:\/\/trend-tech.at\/en\/events\/\" \/>\n<meta property=\"og:locale\" content=\"en_US\" \/>\n<meta property=\"og:type\" content=\"article\" \/>\n<meta property=\"og:title\" content=\"Events | trend-tech synergie gmbh\" \/>\n<meta property=\"og:description\" content=\"Your partner for precise measuring instruments and test equipment. Here you will find all events when we are personally on site for you.\" \/>\n<meta property=\"og:url\" content=\"https:\/\/trend-tech.at\/en\/events\/\" \/>\n<meta property=\"og:site_name\" content=\"trend-tech synergie gmbh\" \/>\n<meta property=\"article:modified_time\" content=\"2025-12-11T17:14:41+00:00\" \/>\n<meta name=\"twitter:card\" content=\"summary_large_image\" \/>\n<meta name=\"twitter:label1\" content=\"Est. reading time\" \/>\n\t<meta name=\"twitter:data1\" content=\"1 minute\" \/>\n<script type=\"application\/ld+json\" class=\"yoast-schema-graph\">{\"@context\":\"https:\\\/\\\/schema.org\",\"@graph\":[{\"@type\":\"WebPage\",\"@id\":\"https:\\\/\\\/trend-tech.at\\\/en\\\/events\\\/\",\"url\":\"https:\\\/\\\/trend-tech.at\\\/en\\\/events\\\/\",\"name\":\"Events | trend-tech synergie gmbh\",\"isPartOf\":{\"@id\":\"https:\\\/\\\/trend-tech.at\\\/en\\\/#website\"},\"datePublished\":\"2022-11-02T08:06:24+00:00\",\"dateModified\":\"2025-12-11T17:14:41+00:00\",\"description\":\"Your partner for precise measuring instruments and test equipment. Here you will find all events when we are personally on site for you.\",\"breadcrumb\":{\"@id\":\"https:\\\/\\\/trend-tech.at\\\/en\\\/events\\\/#breadcrumb\"},\"inLanguage\":\"en-US\",\"potentialAction\":[{\"@type\":\"ReadAction\",\"target\":[\"https:\\\/\\\/trend-tech.at\\\/en\\\/events\\\/\"]}]},{\"@type\":\"BreadcrumbList\",\"@id\":\"https:\\\/\\\/trend-tech.at\\\/en\\\/events\\\/#breadcrumb\",\"itemListElement\":[{\"@type\":\"ListItem\",\"position\":1,\"name\":\"Startseite\",\"item\":\"https:\\\/\\\/trend-tech.at\\\/en\\\/\"},{\"@type\":\"ListItem\",\"position\":2,\"name\":\"Events\"}]},{\"@type\":\"WebSite\",\"@id\":\"https:\\\/\\\/trend-tech.at\\\/en\\\/#website\",\"url\":\"https:\\\/\\\/trend-tech.at\\\/en\\\/\",\"name\":\"trend-tech synergie gmbh\",\"description\":\"making quality measurable\",\"publisher\":{\"@id\":\"https:\\\/\\\/trend-tech.at\\\/en\\\/#organization\"},\"potentialAction\":[{\"@type\":\"SearchAction\",\"target\":{\"@type\":\"EntryPoint\",\"urlTemplate\":\"https:\\\/\\\/trend-tech.at\\\/en\\\/?s={search_term_string}\"},\"query-input\":{\"@type\":\"PropertyValueSpecification\",\"valueRequired\":true,\"valueName\":\"search_term_string\"}}],\"inLanguage\":\"en-US\"},{\"@type\":\"Organization\",\"@id\":\"https:\\\/\\\/trend-tech.at\\\/en\\\/#organization\",\"name\":\"trend-tech synergie gmbh\",\"url\":\"https:\\\/\\\/trend-tech.at\\\/en\\\/\",\"logo\":{\"@type\":\"ImageObject\",\"inLanguage\":\"en-US\",\"@id\":\"https:\\\/\\\/trend-tech.at\\\/en\\\/#\\\/schema\\\/logo\\\/image\\\/\",\"url\":\"https:\\\/\\\/trend-tech.at\\\/wp-content\\\/uploads\\\/2021\\\/09\\\/trend-tech_logo_final_hoch_rgb.png\",\"contentUrl\":\"https:\\\/\\\/trend-tech.at\\\/wp-content\\\/uploads\\\/2021\\\/09\\\/trend-tech_logo_final_hoch_rgb.png\",\"width\":904,\"height\":543,\"caption\":\"trend-tech synergie gmbh\"},\"image\":{\"@id\":\"https:\\\/\\\/trend-tech.at\\\/en\\\/#\\\/schema\\\/logo\\\/image\\\/\"}}]}<\/script>\n<!-- \/ Yoast SEO plugin. -->","yoast_head_json":{"title":"Events | trend-tech synergie gmbh","description":"Your partner for precise measuring instruments and test equipment. Here you will find all events when we are personally on site for you.","robots":{"index":"index","follow":"follow","max-snippet":"max-snippet:-1","max-image-preview":"max-image-preview:large","max-video-preview":"max-video-preview:-1"},"canonical":"https:\/\/trend-tech.at\/en\/events\/","og_locale":"en_US","og_type":"article","og_title":"Events | trend-tech synergie gmbh","og_description":"Your partner for precise measuring instruments and test equipment. Here you will find all events when we are personally on site for you.","og_url":"https:\/\/trend-tech.at\/en\/events\/","og_site_name":"trend-tech synergie gmbh","article_modified_time":"2025-12-11T17:14:41+00:00","twitter_card":"summary_large_image","twitter_misc":{"Est. reading time":"1 minute"},"schema":{"@context":"https:\/\/schema.org","@graph":[{"@type":"WebPage","@id":"https:\/\/trend-tech.at\/en\/events\/","url":"https:\/\/trend-tech.at\/en\/events\/","name":"Events | trend-tech synergie gmbh","isPartOf":{"@id":"https:\/\/trend-tech.at\/en\/#website"},"datePublished":"2022-11-02T08:06:24+00:00","dateModified":"2025-12-11T17:14:41+00:00","description":"Your partner for precise measuring instruments and test equipment. Here you will find all events when we are personally on site for you.","breadcrumb":{"@id":"https:\/\/trend-tech.at\/en\/events\/#breadcrumb"},"inLanguage":"en-US","potentialAction":[{"@type":"ReadAction","target":["https:\/\/trend-tech.at\/en\/events\/"]}]},{"@type":"BreadcrumbList","@id":"https:\/\/trend-tech.at\/en\/events\/#breadcrumb","itemListElement":[{"@type":"ListItem","position":1,"name":"Startseite","item":"https:\/\/trend-tech.at\/en\/"},{"@type":"ListItem","position":2,"name":"Events"}]},{"@type":"WebSite","@id":"https:\/\/trend-tech.at\/en\/#website","url":"https:\/\/trend-tech.at\/en\/","name":"trend-tech synergie gmbh","description":"making quality measurable","publisher":{"@id":"https:\/\/trend-tech.at\/en\/#organization"},"potentialAction":[{"@type":"SearchAction","target":{"@type":"EntryPoint","urlTemplate":"https:\/\/trend-tech.at\/en\/?s={search_term_string}"},"query-input":{"@type":"PropertyValueSpecification","valueRequired":true,"valueName":"search_term_string"}}],"inLanguage":"en-US"},{"@type":"Organization","@id":"https:\/\/trend-tech.at\/en\/#organization","name":"trend-tech synergie gmbh","url":"https:\/\/trend-tech.at\/en\/","logo":{"@type":"ImageObject","inLanguage":"en-US","@id":"https:\/\/trend-tech.at\/en\/#\/schema\/logo\/image\/","url":"https:\/\/trend-tech.at\/wp-content\/uploads\/2021\/09\/trend-tech_logo_final_hoch_rgb.png","contentUrl":"https:\/\/trend-tech.at\/wp-content\/uploads\/2021\/09\/trend-tech_logo_final_hoch_rgb.png","width":904,"height":543,"caption":"trend-tech synergie gmbh"},"image":{"@id":"https:\/\/trend-tech.at\/en\/#\/schema\/logo\/image\/"}}]}},"_links":{"self":[{"href":"https:\/\/trend-tech.at\/en\/wp-json\/wp\/v2\/pages\/4684","targetHints":{"allow":["GET"]}}],"collection":[{"href":"https:\/\/trend-tech.at\/en\/wp-json\/wp\/v2\/pages"}],"about":[{"href":"https:\/\/trend-tech.at\/en\/wp-json\/wp\/v2\/types\/page"}],"author":[{"embeddable":true,"href":"https:\/\/trend-tech.at\/en\/wp-json\/wp\/v2\/users\/1"}],"replies":[{"embeddable":true,"href":"https:\/\/trend-tech.at\/en\/wp-json\/wp\/v2\/comments?post=4684"}],"version-history":[{"count":0,"href":"https:\/\/trend-tech.at\/en\/wp-json\/wp\/v2\/pages\/4684\/revisions"}],"wp:attachment":[{"href":"https:\/\/trend-tech.at\/en\/wp-json\/wp\/v2\/media?parent=4684"}],"curies":[{"name":"wp","href":"https:\/\/api.w.org\/{rel}","templated":true}]}}